{"id":345,"date":"2023-07-17T21:35:45","date_gmt":"2023-07-17T19:35:45","guid":{"rendered":"https:\/\/section-plaisance-istres.fr\/?page_id=345"},"modified":"2023-09-27T21:55:26","modified_gmt":"2023-09-27T19:55:26","slug":"le-marlin-2","status":"publish","type":"page","link":"https:\/\/section-plaisance-istres.fr\/index.php\/le-marlin-2\/","title":{"rendered":"Le Marlin II"},"content":{"rendered":"\n<p>Le Marlin II est une vedette GIB SEA 82 de 8,40m par 3m de 300CV<br>&nbsp; &nbsp; Cabine et d&rsquo;un poste de pilotage sur le dessus<br>&nbsp;&nbsp; &nbsp;Plage arri\u00e8re + \u00e9chelle pour se baigner<br>&nbsp;&nbsp; &nbsp;Arm\u00e9 en 3\u00e8me cat\u00e9gorie<br>&nbsp;&nbsp; &nbsp;Cotier&nbsp;: 8 pax<br>&nbsp;&nbsp; &nbsp;Hauturier&nbsp;: 5 pax<br>&nbsp;&nbsp; &nbsp;Bas\u00e9 \u00e0 Fos sur mer<\/p>\n\n\n\n<h2 class=\"wp-block-heading\">Gilets de sauvetage&nbsp;:<\/h2>\n\n\n\n<ul class=\"wp-block-list\">\n<li>Adulte &gt; 50 kg&nbsp;: 6<\/li>\n\n\n\n<li>Adulte &gt; 70 kg&nbsp;: 3<\/li>\n\n\n\n<li>Ados 30-50 kg&nbsp;: 2<\/li>\n\n\n\n<li>Enfants &lt; 30 kg&nbsp;: 2<\/li>\n\n\n\n<li>Bou\u00e9e fer \u00e0 cheval&nbsp;: 1<\/li>\n<\/ul>\n\n\n\n<figure class=\"wp-block-gallery has-nested-images columns-default is-cropped wp-block-gallery-1 is-layout-flex wp-block-gallery-is-layout-flex\">\n<figure class=\"wp-block-image size-large\"><img loading=\"lazy\" decoding=\"async\" width=\"843\" height=\"994\" data-id=\"792\" src=\"https:\/\/section-plaisance-istres.fr\/wp-content\/uploads\/2023\/09\/Carenage-Marlin-Juin-2018-2.jpg\" alt=\"\" class=\"wp-image-792\" srcset=\"https:\/\/section-plaisance-istres.fr\/wp-content\/uploads\/2023\/09\/Carenage-Marlin-Juin-2018-2.jpg 843w, https:\/\/section-plaisance-istres.fr\/wp-content\/uploads\/2023\/09\/Carenage-Marlin-Juin-2018-2-254x300.jpg 254w, https:\/\/section-plaisance-istres.fr\/wp-content\/uploads\/2023\/09\/Carenage-Marlin-Juin-2018-2-768x906.jpg 768w, https:\/\/section-plaisance-istres.fr\/wp-content\/uploads\/2023\/09\/Carenage-Marlin-Juin-2018-2-600x707.jpg 600w\" sizes=\"auto, (max-width: 843px) 100vw, 843px\" \/><\/figure>\n\n\n\n<figure class=\"wp-block-image size-large\"><img loading=\"lazy\" decoding=\"async\" width=\"683\" height=\"1024\" data-id=\"804\" src=\"https:\/\/section-plaisance-istres.fr\/wp-content\/uploads\/2023\/09\/Carenage-Marlin-Juin-2018-21-683x1024.jpg\" alt=\"\" class=\"wp-image-804\" srcset=\"https:\/\/section-plaisance-istres.fr\/wp-content\/uploads\/2023\/09\/Carenage-Marlin-Juin-2018-21-683x1024.jpg 683w, https:\/\/section-plaisance-istres.fr\/wp-content\/uploads\/2023\/09\/Carenage-Marlin-Juin-2018-21-200x300.jpg 200w, https:\/\/section-plaisance-istres.fr\/wp-content\/uploads\/2023\/09\/Carenage-Marlin-Juin-2018-21-768x1152.jpg 768w, https:\/\/section-plaisance-istres.fr\/wp-content\/uploads\/2023\/09\/Carenage-Marlin-Juin-2018-21-600x900.jpg 600w, https:\/\/section-plaisance-istres.fr\/wp-content\/uploads\/2023\/09\/Carenage-Marlin-Juin-2018-21.jpg 1000w\" sizes=\"auto, (max-width: 683px) 100vw, 683px\" \/><\/figure>\n\n\n\n<figure class=\"wp-block-image size-large\"><img loading=\"lazy\" decoding=\"async\" width=\"1024\" height=\"683\" data-id=\"800\" src=\"https:\/\/section-plaisance-istres.fr\/wp-content\/uploads\/2023\/09\/Carenage-Marlin-Juin-2018-22-1024x683.jpg\" alt=\"\" class=\"wp-image-800\" srcset=\"https:\/\/section-plaisance-istres.fr\/wp-content\/uploads\/2023\/09\/Carenage-Marlin-Juin-2018-22-1024x683.jpg 1024w, https:\/\/section-plaisance-istres.fr\/wp-content\/uploads\/2023\/09\/Carenage-Marlin-Juin-2018-22-300x200.jpg 300w, https:\/\/section-plaisance-istres.fr\/wp-content\/uploads\/2023\/09\/Carenage-Marlin-Juin-2018-22-768x512.jpg 768w, https:\/\/section-plaisance-istres.fr\/wp-content\/uploads\/2023\/09\/Carenage-Marlin-Juin-2018-22-600x400.jpg 600w, https:\/\/section-plaisance-istres.fr\/wp-content\/uploads\/2023\/09\/Carenage-Marlin-Juin-2018-22.jpg 1500w\" sizes=\"auto, (max-width: 1024px) 100vw, 1024px\" \/><\/figure>\n\n\n\n<figure class=\"wp-block-image size-large\"><img loading=\"lazy\" decoding=\"async\" width=\"1024\" height=\"576\" data-id=\"788\" src=\"https:\/\/section-plaisance-istres.fr\/wp-content\/uploads\/2023\/09\/Carenage-Marlin-Juin-2018-26-1024x576.jpg\" alt=\"\" class=\"wp-image-788\" srcset=\"https:\/\/section-plaisance-istres.fr\/wp-content\/uploads\/2023\/09\/Carenage-Marlin-Juin-2018-26-1024x576.jpg 1024w, https:\/\/section-plaisance-istres.fr\/wp-content\/uploads\/2023\/09\/Carenage-Marlin-Juin-2018-26-300x169.jpg 300w, https:\/\/section-plaisance-istres.fr\/wp-content\/uploads\/2023\/09\/Carenage-Marlin-Juin-2018-26-768x432.jpg 768w, https:\/\/section-plaisance-istres.fr\/wp-content\/uploads\/2023\/09\/Carenage-Marlin-Juin-2018-26-600x338.jpg 600w, https:\/\/section-plaisance-istres.fr\/wp-content\/uploads\/2023\/09\/Carenage-Marlin-Juin-2018-26.jpg 1031w\" sizes=\"auto, (max-width: 1024px) 100vw, 1024px\" \/><\/figure>\n\n\n\n<figure class=\"wp-block-image size-large\"><img loading=\"lazy\" decoding=\"async\" width=\"1024\" height=\"683\" data-id=\"813\" src=\"https:\/\/section-plaisance-istres.fr\/wp-content\/uploads\/2023\/09\/Carenage-Marlin-Juin-2018-20-1-1024x683.jpg\" alt=\"\" class=\"wp-image-813\" srcset=\"https:\/\/section-plaisance-istres.fr\/wp-content\/uploads\/2023\/09\/Carenage-Marlin-Juin-2018-20-1-1024x683.jpg 1024w, https:\/\/section-plaisance-istres.fr\/wp-content\/uploads\/2023\/09\/Carenage-Marlin-Juin-2018-20-1-300x200.jpg 300w, https:\/\/section-plaisance-istres.fr\/wp-content\/uploads\/2023\/09\/Carenage-Marlin-Juin-2018-20-1-768x512.jpg 768w, https:\/\/section-plaisance-istres.fr\/wp-content\/uploads\/2023\/09\/Carenage-Marlin-Juin-2018-20-1-600x400.jpg 600w, https:\/\/section-plaisance-istres.fr\/wp-content\/uploads\/2023\/09\/Carenage-Marlin-Juin-2018-20-1.jpg 1500w\" sizes=\"auto, (max-width: 1024px) 100vw, 1024px\" \/><\/figure>\n\n\n\n<figure class=\"wp-block-image size-large\"><img loading=\"lazy\" decoding=\"async\" width=\"683\" height=\"1024\" data-id=\"814\" src=\"https:\/\/section-plaisance-istres.fr\/wp-content\/uploads\/2023\/09\/Carenage-Marlin-Juin-2018-21-1-683x1024.jpg\" alt=\"\" class=\"wp-image-814\" srcset=\"https:\/\/section-plaisance-istres.fr\/wp-content\/uploads\/2023\/09\/Carenage-Marlin-Juin-2018-21-1-683x1024.jpg 683w, https:\/\/section-plaisance-istres.fr\/wp-content\/uploads\/2023\/09\/Carenage-Marlin-Juin-2018-21-1-200x300.jpg 200w, https:\/\/section-plaisance-istres.fr\/wp-content\/uploads\/2023\/09\/Carenage-Marlin-Juin-2018-21-1-768x1152.jpg 768w, https:\/\/section-plaisance-istres.fr\/wp-content\/uploads\/2023\/09\/Carenage-Marlin-Juin-2018-21-1-600x900.jpg 600w, https:\/\/section-plaisance-istres.fr\/wp-content\/uploads\/2023\/09\/Carenage-Marlin-Juin-2018-21-1.jpg 1000w\" sizes=\"auto, (max-width: 683px) 100vw, 683px\" \/><\/figure>\n\n\n\n<figure class=\"wp-block-image size-large\"><img loading=\"lazy\" decoding=\"async\" width=\"1024\" height=\"683\" data-id=\"815\" src=\"https:\/\/section-plaisance-istres.fr\/wp-content\/uploads\/2023\/09\/Carenage-Marlin-Juin-2018-22-1-1024x683.jpg\" alt=\"\" class=\"wp-image-815\" srcset=\"https:\/\/section-plaisance-istres.fr\/wp-content\/uploads\/2023\/09\/Carenage-Marlin-Juin-2018-22-1-1024x683.jpg 1024w, https:\/\/section-plaisance-istres.fr\/wp-content\/uploads\/2023\/09\/Carenage-Marlin-Juin-2018-22-1-300x200.jpg 300w, https:\/\/section-plaisance-istres.fr\/wp-content\/uploads\/2023\/09\/Carenage-Marlin-Juin-2018-22-1-768x512.jpg 768w, https:\/\/section-plaisance-istres.fr\/wp-content\/uploads\/2023\/09\/Carenage-Marlin-Juin-2018-22-1-600x400.jpg 600w, https:\/\/section-plaisance-istres.fr\/wp-content\/uploads\/2023\/09\/Carenage-Marlin-Juin-2018-22-1.jpg 1500w\" sizes=\"auto, (max-width: 1024px) 100vw, 1024px\" \/><\/figure>\n\n\n\n<figure class=\"wp-block-image size-large\"><img loading=\"lazy\" decoding=\"async\" width=\"1024\" height=\"683\" data-id=\"818\" src=\"https:\/\/section-plaisance-istres.fr\/wp-content\/uploads\/2023\/09\/Carenage-Marlin-Juin-2018-25-1-1024x683.jpg\" alt=\"\" class=\"wp-image-818\" srcset=\"https:\/\/section-plaisance-istres.fr\/wp-content\/uploads\/2023\/09\/Carenage-Marlin-Juin-2018-25-1-1024x683.jpg 1024w, https:\/\/section-plaisance-istres.fr\/wp-content\/uploads\/2023\/09\/Carenage-Marlin-Juin-2018-25-1-300x200.jpg 300w, https:\/\/section-plaisance-istres.fr\/wp-content\/uploads\/2023\/09\/Carenage-Marlin-Juin-2018-25-1-768x512.jpg 768w, https:\/\/section-plaisance-istres.fr\/wp-content\/uploads\/2023\/09\/Carenage-Marlin-Juin-2018-25-1-600x400.jpg 600w, https:\/\/section-plaisance-istres.fr\/wp-content\/uploads\/2023\/09\/Carenage-Marlin-Juin-2018-25-1.jpg 1500w\" sizes=\"auto, (max-width: 1024px) 100vw, 1024px\" \/><\/figure>\n\n\n\n<figure class=\"wp-block-image size-large\"><img loading=\"lazy\" decoding=\"async\" width=\"1024\" height=\"576\" data-id=\"819\" src=\"https:\/\/section-plaisance-istres.fr\/wp-content\/uploads\/2023\/09\/Carenage-Marlin-Juin-2018-26-1-1024x576.jpg\" alt=\"\" class=\"wp-image-819\" srcset=\"https:\/\/section-plaisance-istres.fr\/wp-content\/uploads\/2023\/09\/Carenage-Marlin-Juin-2018-26-1-1024x576.jpg 1024w, https:\/\/section-plaisance-istres.fr\/wp-content\/uploads\/2023\/09\/Carenage-Marlin-Juin-2018-26-1-300x169.jpg 300w, https:\/\/section-plaisance-istres.fr\/wp-content\/uploads\/2023\/09\/Carenage-Marlin-Juin-2018-26-1-768x432.jpg 768w, https:\/\/section-plaisance-istres.fr\/wp-content\/uploads\/2023\/09\/Carenage-Marlin-Juin-2018-26-1-600x338.jpg 600w, https:\/\/section-plaisance-istres.fr\/wp-content\/uploads\/2023\/09\/Carenage-Marlin-Juin-2018-26-1.jpg 1031w\" sizes=\"auto, (max-width: 1024px) 100vw, 1024px\" \/><\/figure>\n<\/figure>\n","protected":false},"excerpt":{"rendered":"<p>Le Marlin II est une vedette GIB SEA 82 de 8,40m par 3m de 300CV&nbsp; &nbsp; Cabine et d&rsquo;un poste de pilotage sur le dessus&nbsp;&nbsp; &nbsp;Plage arri\u00e8re + \u00e9chelle pour se baigner&nbsp;&nbsp; &nbsp;Arm\u00e9 en 3\u00e8me cat\u00e9gorie&nbsp;&nbsp; &nbsp;Cotier&nbsp;: 8 pax&nbsp;&nbsp; &nbsp;Hauturier&nbsp;: 5 pax&nbsp;&nbsp; &nbsp;Bas\u00e9 \u00e0 Fos sur mer Gilets de sauvetage&nbsp;:<\/p>\n","protected":false},"author":1,"featured_media":0,"parent":0,"menu_order":0,"comment_status":"closed","ping_status":"closed","template":"","meta":{"site-sidebar-layout":"default","site-content-layout":"default","ast-global-header-display":"","ast-banner-title-visibility":"","ast-main-header-display":"","ast-hfb-above-header-display":"","ast-hfb-below-header-display":"","ast-hfb-mobile-header-display":"","site-post-title":"","ast-breadcrumbs-content":"","ast-featured-img":"","footer-sml-layout":"","theme-transparent-header-meta":"","adv-header-id-meta":"","stick-header-meta":"","header-above-stick-meta":"","header-main-stick-meta":"","header-below-stick-meta":"","footnotes":""},"class_list":["post-345","page","type-page","status-publish","hentry"],"acf":[],"_links":{"self":[{"href":"https:\/\/section-plaisance-istres.fr\/index.php\/wp-json\/wp\/v2\/pages\/345","targetHints":{"allow":["GET"]}}],"collection":[{"href":"https:\/\/section-plaisance-istres.fr\/index.php\/wp-json\/wp\/v2\/pages"}],"about":[{"href":"https:\/\/section-plaisance-istres.fr\/index.php\/wp-json\/wp\/v2\/types\/page"}],"author":[{"embeddable":true,"href":"https:\/\/section-plaisance-istres.fr\/index.php\/wp-json\/wp\/v2\/users\/1"}],"replies":[{"embeddable":true,"href":"https:\/\/section-plaisance-istres.fr\/index.php\/wp-json\/wp\/v2\/comments?post=345"}],"version-history":[{"count":5,"href":"https:\/\/section-plaisance-istres.fr\/index.php\/wp-json\/wp\/v2\/pages\/345\/revisions"}],"predecessor-version":[{"id":848,"href":"https:\/\/section-plaisance-istres.fr\/index.php\/wp-json\/wp\/v2\/pages\/345\/revisions\/848"}],"wp:attachment":[{"href":"https:\/\/section-plaisance-istres.fr\/index.php\/wp-json\/wp\/v2\/media?parent=345"}],"curies":[{"name":"wp","href":"https:\/\/api.w.org\/{rel}","templated":true}]}}