{"id":551,"date":"2023-07-30T15:34:13","date_gmt":"2023-07-30T13:34:13","guid":{"rendered":"https:\/\/section-plaisance-istres.fr\/?page_id=551"},"modified":"2023-07-30T15:36:38","modified_gmt":"2023-07-30T13:36:38","slug":"check-list-des-marins","status":"publish","type":"page","link":"https:\/\/section-plaisance-istres.fr\/index.php\/check-list-des-marins\/","title":{"rendered":"Check-List des marins"},"content":{"rendered":"<p><strong>Disponible \u00e0 bord de v\u00f4tre bateau pr\u00e9f\u00e9r\u00e9 et consultable en ligne<\/strong><\/p>\n\n\n<div class=\"wp-block-pdf-viewer-block-standard\" style=\"text-align:left\"><div class=\"uploaded-pdf\"><a href=\"https:\/\/section-plaisance-istres.fr\/wp-content\/uploads\/2023\/07\/CHECK-LIST_MARINS_SAFETICS.pdf\" data-width=\"\" data-height=\"\"><\/a><\/div><\/div>\n","protected":false},"excerpt":{"rendered":"<p>Disponible \u00e0 bord de v\u00f4tre bateau pr\u00e9f\u00e9r\u00e9 et consultable en ligne<\/p>\n","protected":false},"author":2,"featured_media":0,"parent":0,"menu_order":0,"comment_status":"closed","ping_status":"closed","template":"","meta":{"site-sidebar-layout":"no-sidebar","site-content-layout":"page-builder","ast-global-header-display":"","ast-banner-title-visibility":"","ast-main-header-display":"","ast-hfb-above-header-display":"","ast-hfb-below-header-display":"","ast-hfb-mobile-header-display":"","site-post-title":"disabled","ast-breadcrumbs-content":"","ast-featured-img":"disabled","footer-sml-layout":"","theme-transparent-header-meta":"","adv-header-id-meta":"","stick-header-meta":"","header-above-stick-meta":"","header-main-stick-meta":"","header-below-stick-meta":"","footnotes":""},"class_list":["post-551","page","type-page","status-publish","hentry"],"acf":[],"_links":{"self":[{"href":"https:\/\/section-plaisance-istres.fr\/index.php\/wp-json\/wp\/v2\/pages\/551","targetHints":{"allow":["GET"]}}],"collection":[{"href":"https:\/\/section-plaisance-istres.fr\/index.php\/wp-json\/wp\/v2\/pages"}],"about":[{"href":"https:\/\/section-plaisance-istres.fr\/index.php\/wp-json\/wp\/v2\/types\/page"}],"author":[{"embeddable":true,"href":"https:\/\/section-plaisance-istres.fr\/index.php\/wp-json\/wp\/v2\/users\/2"}],"replies":[{"embeddable":true,"href":"https:\/\/section-plaisance-istres.fr\/index.php\/wp-json\/wp\/v2\/comments?post=551"}],"version-history":[{"count":6,"href":"https:\/\/section-plaisance-istres.fr\/index.php\/wp-json\/wp\/v2\/pages\/551\/revisions"}],"predecessor-version":[{"id":559,"href":"https:\/\/section-plaisance-istres.fr\/index.php\/wp-json\/wp\/v2\/pages\/551\/revisions\/559"}],"wp:attachment":[{"href":"https:\/\/section-plaisance-istres.fr\/index.php\/wp-json\/wp\/v2\/media?parent=551"}],"curies":[{"name":"wp","href":"https:\/\/api.w.org\/{rel}","templated":true}]}}